{"id":1543,"date":"2023-01-18T13:40:37","date_gmt":"2023-01-18T12:40:37","guid":{"rendered":"http:\/\/www.stolpersteine.lautre.net\/wp\/?page_id=1543"},"modified":"2023-01-27T23:00:26","modified_gmt":"2023-01-27T22:00:26","slug":"lina-simon-nee-levy-gabrielle-simon-et-jeanne-wollenberger-nee-simon","status":"publish","type":"page","link":"http:\/\/www.stolpersteine.lautre.net\/wp\/lina-simon-nee-levy-gabrielle-simon-et-jeanne-wollenberger-nee-simon\/","title":{"rendered":"LINA SIMON (N\u00e9e L\u00e9vy), GABRIELLE SIMON ET JEANNE WOLLENBERGER (N\u00e9e SIMON)"},"content":{"rendered":"\n<p><strong>Nom&nbsp;:<\/strong> SIMON (n\u00e9e L\u00c9VY)<\/p>\n\n\n\n<p><strong>Pr\u00e9nom(s)&nbsp;:<\/strong> Lina<\/p>\n\n\n\n<p><strong>Date de naissance&nbsp;:<\/strong>&nbsp;&nbsp;5 f\u00e9vrier 1865<\/p>\n\n\n\n<p><strong>Commune et (d\u00e9partement de naissance)&nbsp;:<\/strong> Niedernai (Bas-Rhin)<\/p>\n\n\n\n<p><strong>Parents&nbsp;:<\/strong> ?<\/p>\n\n\n\n<p><strong>Situation familiale&nbsp;:<\/strong> mari\u00e9e avec Maurice SIMON, &#8211; dit \u00ab de Mitz \u00bb, &#8211; le 15 septembre 1891<\/p>\n\n\n\n<p><strong>Enfants&nbsp;: <\/strong>7<\/p>\n\n\n\n<p><strong>Profession&nbsp;:<\/strong>&nbsp; couturi\u00e8re et ling\u00e8re au magasin maternel Weil de Bouxwiller, puis \u00e9picerie \u00e0 Diemeringen<\/p>\n\n\n\n<ul><li><strong>DOMICILE&nbsp;<\/strong><\/li><\/ul>\n\n\n\n<p><strong>Adresse (avant la guerre)&nbsp;:<\/strong>&nbsp;53 Grand Rue<\/p>\n\n\n\n<p><strong>Adresse (pendant la guerre)&nbsp;:<\/strong> 22 Avenue de France, Nancy (Meurthe-et-Moselle)<\/p>\n\n\n\n<ul><li><strong>D\u00c9PORTATION&nbsp;<\/strong> <\/li><\/ul>\n\n\n\n<p><strong>Convoi n\u00b0 :<\/strong> 71 du 13 avril 1944 de Drancy (Seine-Saint-Denis) \u00e0 Auschwitz (Pologne)<\/p>\n\n\n\n<p><strong>Date et lieu de d\u00e9c\u00e8s&nbsp;:&nbsp;<\/strong> \u00e0 Auschwitz en avril 1944 (Pologne) \u00e0 l\u2019\u00e2ge de 79 ans<\/p>\n\n\n\n<p> \u2014\u2014\u2014\u2014\u2014\u2014\u2014\u2014\u2014\u2014\u2014\u2014\u2014\u2014\u2014\u2014\u2014\u2014\u2014\u2014\u2014\u2014\u2014\u2014\u2014\u2014\u2014\u2014\u2014\u2014\u2014\u2014\u2014\u2013 <\/p>\n\n\n\n<p class=\"has-text-align-right\"><strong>Nom&nbsp;: <\/strong>SIMON <\/p>\n\n\n\n<p class=\"has-text-align-right\"><strong>Pr\u00e9nom(s)&nbsp;:<\/strong> Gabrielle<\/p>\n\n\n\n<p class=\"has-text-align-right\"><strong>Date de naissance&nbsp;:<\/strong>&nbsp;&nbsp;1908<\/p>\n\n\n\n<p class=\"has-text-align-right\"><strong>Commune et (d\u00e9partement de naissance)&nbsp;:<\/strong> Diemeringen (Bas-Rhin)<\/p>\n\n\n\n<p class=\"has-text-align-right\"><strong>Parents&nbsp;:<\/strong> Maurice et Lina SIMON<\/p>\n\n\n\n<p class=\"has-text-align-right\"><strong>Situation familiale&nbsp;: <\/strong>c\u00e9libataire<\/p>\n\n\n\n<p class=\"has-text-align-right\"><strong>Enfants&nbsp;:<\/strong> \/<\/p>\n\n\n\n<p class=\"has-text-align-right\"><strong>Profession&nbsp;: <\/strong>\u00e9picerie \u00e0 Diemeringen <\/p>\n\n\n\n<ul><li><strong>DOMICILE&nbsp;<\/strong><\/li><\/ul>\n\n\n\n<p class=\"has-text-align-right\"><strong>Adresse (avant la guerre)&nbsp;: <\/strong>53 Grand Rue&nbsp;<\/p>\n\n\n\n<p class=\"has-text-align-right\"><strong>Adresse (pendant la guerre)&nbsp;:<\/strong> 22 Avenue de France, Nancy (Meurthe-et-Moselle)<\/p>\n\n\n\n<ul><li><strong>D\u00c9PORTATION&nbsp;<\/strong> <\/li><\/ul>\n\n\n\n<p class=\"has-text-align-right\"><strong>Convoi n\u00b0 :<\/strong> 71 du 13 avril 1944 de Drancy (Seine-Saint-Denis) \u00e0 Auschwitz (Pologne)<\/p>\n\n\n\n<p class=\"has-text-align-right\"><strong>Date et lieu de d\u00e9c\u00e8s&nbsp;:&nbsp;<\/strong> \u00e0 Auschwitz en avril 1944 (Pologne) \u00e0 l\u2019\u00e2ge de 46 ans<\/p>\n\n\n\n<p>\u2014\u2014\u2014\u2014\u2014\u2014\u2014\u2014\u2014\u2014\u2014\u2014\u2014\u2014\u2014\u2014\u2014\u2014\u2014\u2014\u2014\u2014\u2014\u2014\u2014\u2014\u2014\u2014\u2014\u2014\u2014\u2014\u2014\u2014\u2014\u2014\u2013<\/p>\n\n\n\n<p class=\"has-text-align-left\"><strong>Nom&nbsp;:<\/strong> WOLLENBERGER (n\u00e9e SIMON) <\/p>\n\n\n\n<p class=\"has-text-align-left\"><strong>Pr\u00e9nom(s)&nbsp;:<\/strong> Jeanne<\/p>\n\n\n\n<p class=\"has-text-align-left\"><strong>Date de naissance&nbsp;:&nbsp;<\/strong>&nbsp;8 f\u00e9vrier 1898<\/p>\n\n\n\n<p class=\"has-text-align-left\"><strong>Commune et (d\u00e9partement de naissance)&nbsp;:<\/strong> Diemeringen (Bas-Rhin)<\/p>\n\n\n\n<p class=\"has-text-align-left\"><strong>Parents&nbsp;:<\/strong> Maurice et Lina SIMON<\/p>\n\n\n\n<p class=\"has-text-align-left\"><strong>Situation familiale&nbsp;:<\/strong> mari\u00e9e avec Samuel WOLLENBERGER<\/p>\n\n\n\n<p class=\"has-text-align-left\"><strong>Enfants&nbsp;:<\/strong>  ?<\/p>\n\n\n\n<p class=\"has-text-align-left\"><strong>Profession&nbsp;:<\/strong> \u00e9picerie \u00e0 Diemeringen <\/p>\n\n\n\n<ul><li><strong>DOMICILE&nbsp;<\/strong><\/li><\/ul>\n\n\n\n<p class=\"has-text-align-left\"><strong>Adresse (avant la guerre)&nbsp;: <\/strong>53 Grand Rue&nbsp;<\/p>\n\n\n\n<p class=\"has-text-align-left\"><strong>Adresse (pendant la guerre)&nbsp;:<\/strong> 22 Avenue de France, Nancy (Meurthe-et-Moselle)<\/p>\n\n\n\n<ul><li><strong>D\u00c9PORTATION&nbsp;<\/strong> <\/li><\/ul>\n\n\n\n<p class=\"has-text-align-left\"><strong>Convoi n\u00b0 :<\/strong> 71 du 13 avril 1944 de Drancy (Seine-Saint-Denis) \u00e0 Auschwitz (Pologne)<\/p>\n\n\n\n<p class=\"has-text-align-left\"><strong>Date et lieu de d\u00e9c\u00e8s&nbsp;:<\/strong>&nbsp; \u00e0 Auschwitz en avril 1944 (Pologne) \u00e0 l\u2019\u00e2ge de 36 ans<\/p>\n\n\n\n<p> \u2014\u2014\u2014\u2014\u2014\u2014\u2014\u2014\u2014\u2014\u2014\u2014\u2014\u2014\u2014\u2014\u2014\u2014\u2014\u2014\u2014\u2014\u2014\u2014\u2014\u2014\u2014\u2014\u2014\u2014\u2014\u2014\u2014\u2014\u2014\u2014\u2013 <\/p>\n\n\n\n<p class=\"has-text-align-center\"><strong>COURTE BIOGRAPHIE<\/strong><\/p>\n\n\n\n<p class=\"has-text-align-center\">La famille SIMON occupait une \u00e9picerie \u00e0 Diemeringen. Native de<br>Niedernai, Lina L\u00c9VY travaille comme couturi\u00e8re et ling\u00e8re au magasin<br>maternel WEIL de Bouxwiller. Elle \u00e9pouse Maurice SIMON dit \u00ab de Mitz \u00bb le 15 septembre 1891 ; de cette union na\u00eetront 7 enfants. Le 2 mars 1944, la Gestapo arr\u00eata la veuve Lina SIMON, Gabrielle SIMON et Jeanne WOLLENBERGER, au 3e \u00e9tage 22 Avenue de France \u00e0 Nancy, chez leur cousin Armand STRAUSS. Toutes les trois furent intern\u00e9es le m\u00eame jour au camp d\u2019\u00c9crouves, non loin de Nancy. Puis elles furent transf\u00e9r\u00e9es \u00e0 Drancy le 30 mars 1944, o\u00f9 elles partirent le 13 avril 1944 avec le convoi n\u00b071 vers Auschwitz. Ce convoi n\u00b071, c\u2019est aussi celui de 1 500 autres personnes, dont 105 survivants. Parmi lesquels, l\u2019une des plus jeunes femmes rescap\u00e9es de la d\u00e9portation de France, une d\u00e9nomm\u00e9e Simone VEIL n\u00e9e JACOB.<br>Lina SIMON n\u00e9e  L\u00c9VY, Jeanne WOLLENBERGER n\u00e9e SIMON et Gabrielle<br>SIMON furent assassin\u00e9es en avril 1944 \u00e0 Auschwitz, \u00e0 l\u2019\u00e2ge de 79, 46 et<br>36 ans.<\/p>\n\n\n\n<p> \u2014\u2014\u2014\u2014\u2014\u2014\u2014\u2014\u2014\u2014\u2014\u2014\u2014\u2014\u2014\u2014\u2014\u2014\u2014\u2014\u2014\u2014\u2014\u2014\u2014\u2014\u2014\u2014\u2014\u2014\u2014\u2014\u2014\u2014\u2014\u2014\u2013 <\/p>\n\n\n\n<p class=\"has-text-align-center\"><strong>Derni\u00e8re adresse&nbsp;\u00e0 Diemeringen : 53 Grand Rue<\/strong><\/p>\n\n\n\n<iframe src=\"https:\/\/www.google.com\/maps\/embed?pb=!1m18!1m12!1m3!1d2620.67959098469!2d7.184497417443848!3d48.94054430000001!2m3!1f0!2f0!3f0!3m2!1i1024!2i768!4f13.1!3m3!1m2!1s0x47943adf0e933d75%3A0xef86e947685ee5af!2s53%20Grand%20Rue%2C%2067430%20Diemeringen!5e0!3m2!1sfr!2sfr!4v1674047318694!5m2!1sfr!2sfr\" width=\"600\" height=\"450\" style=\"border:0;\" allowfullscreen=\"\" loading=\"lazy\" referrerpolicy=\"no-referrer-when-downgrade\"><\/iframe>\n","protected":false},"excerpt":{"rendered":"<p>Nom&nbsp;: SIMON (n\u00e9e L\u00c9VY) Pr\u00e9nom(s)&nbsp;: Lina Date de naissance&nbsp;:&nbsp;&nbsp;5 f\u00e9vrier 1865 Commune et (d\u00e9partement de naissance)&nbsp;: Niedernai (Bas-Rhin) Parents&nbsp;: ? Situation familiale&nbsp;: mari\u00e9e avec Maurice SIMON, &#8211; dit \u00ab de Mitz \u00bb, &#8211; le 15 septembre 1891 Enfants&nbsp;: 7 Profession&nbsp;:&nbsp; couturi\u00e8re et ling\u00e8re au magasin maternel Weil de Bouxwiller, puis \u00e9picerie \u00e0 Diemeringen DOMICILE&nbsp; Adresse &hellip; <\/p>\n<p class=\"link-more\"><a href=\"http:\/\/www.stolpersteine.lautre.net\/wp\/lina-simon-nee-levy-gabrielle-simon-et-jeanne-wollenberger-nee-simon\/\" class=\"more-link\">Continuer la lecture<span class=\"screen-reader-text\"> de &laquo;&nbsp;LINA SIMON (N\u00e9e L\u00e9vy), GABRIELLE SIMON ET JEANNE WOLLENBERGER (N\u00e9e SIMON)&nbsp;&raquo;<\/span><\/a><\/p>\n","protected":false},"author":5,"featured_media":0,"parent":0,"menu_order":0,"comment_status":"closed","ping_status":"closed","template":"","meta":[],"_links":{"self":[{"href":"http:\/\/www.stolpersteine.lautre.net\/wp\/wp-json\/wp\/v2\/pages\/1543"}],"collection":[{"href":"http:\/\/www.stolpersteine.lautre.net\/wp\/wp-json\/wp\/v2\/pages"}],"about":[{"href":"http:\/\/www.stolpersteine.lautre.net\/wp\/wp-json\/wp\/v2\/types\/page"}],"author":[{"embeddable":true,"href":"http:\/\/www.stolpersteine.lautre.net\/wp\/wp-json\/wp\/v2\/users\/5"}],"replies":[{"embeddable":true,"href":"http:\/\/www.stolpersteine.lautre.net\/wp\/wp-json\/wp\/v2\/comments?post=1543"}],"version-history":[{"count":6,"href":"http:\/\/www.stolpersteine.lautre.net\/wp\/wp-json\/wp\/v2\/pages\/1543\/revisions"}],"predecessor-version":[{"id":1809,"href":"http:\/\/www.stolpersteine.lautre.net\/wp\/wp-json\/wp\/v2\/pages\/1543\/revisions\/1809"}],"wp:attachment":[{"href":"http:\/\/www.stolpersteine.lautre.net\/wp\/wp-json\/wp\/v2\/media?parent=1543"}],"curies":[{"name":"wp","href":"https:\/\/api.w.org\/{rel}","templated":true}]}}