{"id":233,"date":"2019-03-22T23:52:39","date_gmt":"2019-03-22T22:52:39","guid":{"rendered":"http:\/\/www.stolpersteine.lautre.net\/wp\/?page_id=233"},"modified":"2020-12-13T10:22:55","modified_gmt":"2020-12-13T09:22:55","slug":"poses-de-stolpersteine-avril-2020","status":"publish","type":"page","link":"http:\/\/www.stolpersteine.lautre.net\/wp\/poses-de-stolpersteine-avril-2020\/","title":{"rendered":"Poses de Stolpersteine en 2020"},"content":{"rendered":"\n<p>Au printemps 2020, nous avions pr\u00e9vu des <em>Stolpersteine<\/em> dans plusieurs villes du Bas-Rhin: Diemeringen, Ingwiller, Barr, Bischwiller<strong>, <\/strong>Bouxwiller, Strasbourg.<\/p>\n\n\n\n<p>Dans cet <a href=\"http:\/\/www.stolpersteine.lautre.net\/wp\/stolpersteine-67-la-pause-en-2020\/\">article<\/a>,\n le pr\u00e9sident de l&rsquo;association, Richard Aboaf, livre son opinion \nconcernant l&rsquo;impact de la pand\u00e9mie sur les actions m\u00e9morielles en \ng\u00e9n\u00e9ral, et celles de l&rsquo;association en particulier.<\/p>\n\n\n\n<p>Malheureusement, la pand\u00e9mie de COVID-19 nous a oblig\u00e9s \u00e0  reporter les poses pr\u00e9vues en avril et mai. L&rsquo;artiste Gunter Demnig a annonc\u00e9 annuler toutes ses poses jusqu&rsquo;au 16 mai, puis jusqu&rsquo;au 20 d\u00e9cembre.<\/p>\n\n\n\n<p>Nous \u00e9tablirons d\u00e8s que possible un nouveau calendrier de poses au printemps 2021, en l&rsquo;absence de M. Demnig, qui est d\u00e9j\u00e0 engag\u00e9 pour de nombreuses poses jusqu&rsquo;\u00e0 l&rsquo;automne 2021.<\/p>\n\n\n\n<p>Vous trouverez bient\u00f4t sur cette page des indications concernant les victimes et les lieux que nous honorerons en 2021.<br><\/p>\n","protected":false},"excerpt":{"rendered":"<p>Au printemps 2020, nous avions pr\u00e9vu des Stolpersteine dans plusieurs villes du Bas-Rhin: Diemeringen, Ingwiller, Barr, Bischwiller, Bouxwiller, Strasbourg. Dans cet article, le pr\u00e9sident de l&rsquo;association, Richard Aboaf, livre son opinion concernant l&rsquo;impact de la pand\u00e9mie sur les actions m\u00e9morielles en g\u00e9n\u00e9ral, et celles de l&rsquo;association en particulier. Malheureusement, la pand\u00e9mie de COVID-19 nous a &hellip; <\/p>\n<p class=\"link-more\"><a href=\"http:\/\/www.stolpersteine.lautre.net\/wp\/poses-de-stolpersteine-avril-2020\/\" class=\"more-link\">Continuer la lecture<span class=\"screen-reader-text\"> de &laquo;&nbsp;Poses de Stolpersteine en 2020&nbsp;&raquo;<\/span><\/a><\/p>\n","protected":false},"author":1,"featured_media":0,"parent":0,"menu_order":0,"comment_status":"closed","ping_status":"closed","template":"","meta":[],"_links":{"self":[{"href":"http:\/\/www.stolpersteine.lautre.net\/wp\/wp-json\/wp\/v2\/pages\/233"}],"collection":[{"href":"http:\/\/www.stolpersteine.lautre.net\/wp\/wp-json\/wp\/v2\/pages"}],"about":[{"href":"http:\/\/www.stolpersteine.lautre.net\/wp\/wp-json\/wp\/v2\/types\/page"}],"author":[{"embeddable":true,"href":"http:\/\/www.stolpersteine.lautre.net\/wp\/wp-json\/wp\/v2\/users\/1"}],"replies":[{"embeddable":true,"href":"http:\/\/www.stolpersteine.lautre.net\/wp\/wp-json\/wp\/v2\/comments?post=233"}],"version-history":[{"count":13,"href":"http:\/\/www.stolpersteine.lautre.net\/wp\/wp-json\/wp\/v2\/pages\/233\/revisions"}],"predecessor-version":[{"id":679,"href":"http:\/\/www.stolpersteine.lautre.net\/wp\/wp-json\/wp\/v2\/pages\/233\/revisions\/679"}],"wp:attachment":[{"href":"http:\/\/www.stolpersteine.lautre.net\/wp\/wp-json\/wp\/v2\/media?parent=233"}],"curies":[{"name":"wp","href":"https:\/\/api.w.org\/{rel}","templated":true}]}}