{"id":2608,"date":"2025-08-05T11:24:55","date_gmt":"2025-08-05T09:24:55","guid":{"rendered":"https:\/\/www.stolpersteine.lautre.net\/wp\/?page_id=2608"},"modified":"2025-08-05T11:24:55","modified_gmt":"2025-08-05T09:24:55","slug":"reine-weil","status":"publish","type":"page","link":"https:\/\/www.stolpersteine.lautre.net\/wp\/reine-weil\/","title":{"rendered":"Reine WEIL"},"content":{"rendered":"\n<p><strong>Nom\u00a0<\/strong>: WEIL n\u00e9e WEILL<\/p>\n\n\n\n<p><strong>Pr\u00e9nom(s) :\u00a0<\/strong>Reine<\/p>\n\n\n\n<p><strong>Date de naissance\u00a0:<\/strong>\u00a01893<\/p>\n\n\n\n<p><strong>Commune et (d\u00e9partement de naissance)\u00a0:\u00a0<\/strong>Balbronn (Bas-Rhin)\u00a0?<\/p>\n\n\n\n<p><strong>Parents\u00a0:<\/strong>\u00a0?<\/p>\n\n\n\n<p><strong>Situation familiale\u00a0:<\/strong>\u00a0Mari\u00e9e avec ?<\/p>\n\n\n\n<p><strong>Enfants&nbsp;:&nbsp;<\/strong>?<\/p>\n\n\n\n<p><strong>Profession&nbsp;:<\/strong>&nbsp;?<\/p>\n\n\n\n<ul><li><strong>DOMICILE&nbsp;<\/strong><\/li><\/ul>\n\n\n\n<p><strong>Adresse (avant la guerre)\u00a0:\u00a0<\/strong>66 rue du Ch\u00e2teau \u00e0 Balbronn (Bas-Rhin)<\/p>\n\n\n\n<p><strong>Adresse (pendant la guerre)&nbsp;:&nbsp;<\/strong>?<\/p>\n\n\n\n<ul><li><strong>D\u00c9PORTATION<\/strong>&nbsp;<\/li><\/ul>\n\n\n\n<p><strong>Convoi n\u00b0\u00a0:\u00a0<\/strong>57 du 18 juillet 1943 de Drancy (Seine-Saint-Denis) \u00e0 Auschwitz-Birkenau (Pologne)<\/p>\n\n\n\n<p><strong>Date et lieu de d\u00e9c\u00e8s\u00a0:\u00a0<\/strong>\u00e0 Auschwitz (Pologne) le 20 juillet 1943 (ou le 23 juillet 1943 selon l\u2019article 3 de la loi n\u00b0 85\/528 du 15 mai 1985) \u00e0 l\u2019\u00e2ge de 50 ans<\/p>\n\n\n\n<p>\u2014\u2014\u2014\u2014\u2014\u2014\u2014\u2014\u2014\u2014\u2014\u2014\u2014\u2014\u2014\u2014\u2014\u2014\u2014\u2014\u2014\u2014\u2014\u2014\u2014\u2014\u2014\u2014\u2014\u2014\u2014\u2014\u2014\u2014\u2014\u2014\u2013<\/p>\n\n\n\n<p class=\"has-text-align-center\"><strong>Derni\u00e8re adresse \u00e0 Balbronn :<\/strong>\u00a0<strong>66 rue du Ch\u00e2teau<\/strong><\/p>\n\n\n\n<iframe src=\"https:\/\/www.google.com\/maps\/embed?pb=!1m18!1m12!1m3!1d2639.3828734258973!2d7.437250252649958!3d48.58336747470279!2m3!1f0!2f0!3f0!3m2!1i1024!2i768!4f13.1!3m3!1m2!1s0x4796aec1de0a205f%3A0x28ff3467a1663128!2s66%20Rue%20du%20Ch%C3%A2teau%2C%2067310%20Balbronn!5e0!3m2!1sfr!2sfr!4v1754385710728!5m2!1sfr!2sfr\" width=\"600\" height=\"450\" style=\"border:0;\" allowfullscreen=\"\" loading=\"lazy\" referrerpolicy=\"no-referrer-when-downgrade\"><\/iframe>\n","protected":false},"excerpt":{"rendered":"<p>Nom\u00a0: WEIL n\u00e9e WEILL Pr\u00e9nom(s) :\u00a0Reine Date de naissance\u00a0:\u00a01893 Commune et (d\u00e9partement de naissance)\u00a0:\u00a0Balbronn (Bas-Rhin)\u00a0? Parents\u00a0:\u00a0? Situation familiale\u00a0:\u00a0Mari\u00e9e avec ? Enfants&nbsp;:&nbsp;? Profession&nbsp;:&nbsp;? DOMICILE&nbsp; Adresse (avant la guerre)\u00a0:\u00a066 rue du Ch\u00e2teau \u00e0 Balbronn (Bas-Rhin) Adresse (pendant la guerre)&nbsp;:&nbsp;? D\u00c9PORTATION&nbsp; Convoi n\u00b0\u00a0:\u00a057 du 18 juillet 1943 de Drancy (Seine-Saint-Denis) \u00e0 Auschwitz-Birkenau (Pologne) Date et lieu de d\u00e9c\u00e8s\u00a0:\u00a0\u00e0 &hellip; <\/p>\n<p class=\"link-more\"><a href=\"https:\/\/www.stolpersteine.lautre.net\/wp\/reine-weil\/\" class=\"more-link\">Continuer la lecture<span class=\"screen-reader-text\"> de &laquo;&nbsp;Reine WEIL&nbsp;&raquo;<\/span><\/a><\/p>\n","protected":false},"author":5,"featured_media":0,"parent":0,"menu_order":0,"comment_status":"closed","ping_status":"closed","template":"","meta":[],"_links":{"self":[{"href":"https:\/\/www.stolpersteine.lautre.net\/wp\/wp-json\/wp\/v2\/pages\/2608"}],"collection":[{"href":"https:\/\/www.stolpersteine.lautre.net\/wp\/wp-json\/wp\/v2\/pages"}],"about":[{"href":"https:\/\/www.stolpersteine.lautre.net\/wp\/wp-json\/wp\/v2\/types\/page"}],"author":[{"embeddable":true,"href":"https:\/\/www.stolpersteine.lautre.net\/wp\/wp-json\/wp\/v2\/users\/5"}],"replies":[{"embeddable":true,"href":"https:\/\/www.stolpersteine.lautre.net\/wp\/wp-json\/wp\/v2\/comments?post=2608"}],"version-history":[{"count":1,"href":"https:\/\/www.stolpersteine.lautre.net\/wp\/wp-json\/wp\/v2\/pages\/2608\/revisions"}],"predecessor-version":[{"id":2609,"href":"https:\/\/www.stolpersteine.lautre.net\/wp\/wp-json\/wp\/v2\/pages\/2608\/revisions\/2609"}],"wp:attachment":[{"href":"https:\/\/www.stolpersteine.lautre.net\/wp\/wp-json\/wp\/v2\/media?parent=2608"}],"curies":[{"name":"wp","href":"https:\/\/api.w.org\/{rel}","templated":true}]}}